{"id":727,"date":"2021-07-25T16:40:46","date_gmt":"2021-07-25T15:40:46","guid":{"rendered":"https:\/\/transmediacatalonia.uab.cat\/easit\/?page_id=727"},"modified":"2021-12-27T15:54:57","modified_gmt":"2021-12-27T15:54:57","slug":"reading-list","status":"publish","type":"page","link":"https:\/\/transmediacatalonia.uab.cat\/easit\/unit-3b\/reading-list\/","title":{"rendered":"Reading List"},"content":{"rendered":"\n<h2 class=\"wp-block-heading\">ELEMENT 1. Processes&nbsp;<\/h2>\n\n\n\n<ul class=\"wp-block-list\"><li><span class=\"tag-access\">[open-access research article]<\/span> Arias-Badia, B., &amp; Fern\u00e1ndez-Torn\u00e9, A. (2020). <a href=\"https:\/\/www.e-revistes.uji.es\/index.php\/monti\/article\/view\/4458\/3781\" target=\"_blank\" rel=\"noreferrer noopener nofollow\">El experto en lenguaje f\u00e1cil de comprender: un nuevo perfil educativo y profesional en el \u00e1mbito de la lengua espa\u00f1ola<\/a>. <em>MonTI. Monograf\u00edas de Traducci\u00f3n e Interpretaci\u00f3n<\/em>, <em>12<\/em>, 295-312<em>.<\/em> <span class=\"tag-access\">[in Spanish]<\/span> <\/li><li><span class=\"tag-access\">[open-access research article]<\/span> Arias-Badia, B., &amp; Matamala, A. (2020). <a href=\"http:\/\/www.romanistik.uni-freiburg.de\/pusch\/zfk\/33\/13_Arias-Badia_Matamala.pdf\" target=\"_blank\" rel=\"noreferrer noopener nofollow\">Audio description meets Easy-to-Read and Plain Language: results from a questionnaire and a focus group in Catalonia<\/a>. <em>Zeitschrift f\u00fcr Katalanistik<\/em>, <em>33<\/em>, 251-270. <span class=\"tag-access\">[in English]<\/span> <\/li><li><span class=\"tag-access\">[open-access research article]<\/span> Bernab\u00e9, R., &amp; Orero, P. (2019). <a href=\"https:\/\/revistas.uva.es\/index.php\/hermeneus\/article\/view\/4039\" target=\"_blank\" rel=\"noreferrer noopener nofollow\">Easy to Read as multimode accessibility service<\/a>. <em>Hermeneus<\/em>,<em> 21<\/em>, 53-74. <span class=\"tag-access\">[in English]<\/span> <\/li><li><span class=\"tag-access\">[open-access research article]<\/span> Bernab\u00e9, R. (2020). <a href=\"https:\/\/doi.org\/10.6035\/MonTI.2020.12.12\" target=\"_blank\" rel=\"noreferrer noopener nofollow\">New taxonomy of easy-to-understand access services.<\/a> <em>MonTI. Monograf\u00edas de Traducci\u00f3n e Interpretaci\u00f3n, 12,<\/em> 345-380. <span class=\"tag-access\">[in English]<\/span> <\/li><li><span class=\"tag-access\">[open-access PhD thesis]<\/span> Bernab\u00e9, R. (2020).<a href=\"https:\/\/www.tdx.cat\/handle\/10803\/670406#pa\" target=\"_blank\" rel=\"noreferrer noopener nofollow\"> <em>Easy audiovisual content for all<\/em><\/a>. Universidad Aut\u00f3noma de Barcelona. <span class=\"tag-access\">[in English]<\/span> <\/li><li><span class=\"tag-access\">[open-access guidelines]<\/span> Giansante, L. (n.d.). <a href=\"http:\/\/www.artbeyondsight.org\/mei\/verbal-description-training\/writing-verbal-description-for-audio-guides\/\" target=\"_blank\" rel=\"noreferrer noopener nofollow\"><em>Writing verbal descriptions for audio guides<\/em><\/a>. Art Beyond Sight<em>. <\/em><span class=\"tag-access\">[in English]<\/span><\/li><li><span class=\"tag-access\">[book chapter]<\/span> Perego, E. (2019). Audio description. Evolving recommendations for usable, effective, and enjoyable practices. In L. P\u00e9rez Gonz\u00e1lez (Ed.). <em>The Routledge handbook of audiovisual translation<\/em> (pp. 114-129). Routledge. <span class=\"tag-access\">[in English]<\/span> <\/li><li><span class=\"tag-access\">[book]<\/span> Perego, E. (2020). <em>Accessible communication: A cross-country journey<\/em>. Frank &amp; Timme. <span class=\"tag-access\">[in English]<\/span> <\/li><li><span class=\"tag-access\">[open-access guidelines]<\/span> Remael, A., Reviers, N. &amp; Vercauteren, G. (Eds.). (2015) <a href=\"http:\/\/www.adlabproject.eu\/Docs\/adlab%20book\/index.html\" target=\"_blank\" rel=\"noreferrer noopener nofollow\"><em>Pictures painted in words. ADLAB audio description guidelines<\/em><\/a>. The ADLAB project. <span class=\"tag-access\">[in English]<\/span> <\/li><\/ul>\n\n\n\n<h2 class=\"wp-block-heading\">ELEMENT 2. Linguistic aspects&nbsp;<\/h2>\n\n\n\n<ul class=\"wp-block-list\"><li><span class=\"tag-access\">[book chapter]<\/span> Bernab\u00e9, R., &amp; Orero, P. (2021). Easier audio description: Exploring the potential of Easy-to-Read principles in simplifying AD. In S. Brown, &amp; K. Starr (Eds.). <em>Innovation in audio description research <\/em>(pp. 55-75). Routledge. <span class=\"tag-access\">[in English]<\/span> <\/li><li><span class=\"tag-access\">[book chapter]<\/span> Maa\u00df, C., &amp; Hern\u00e1ndez Garrido, S. (2020). Easy <br>and Plain Language in audiovisual translation. In S. Hansen-Schirra, <br>&amp; C. Maa\u00df (Eds.). <em>Easy Language research: Text and user perspectives<\/em> (pp. 131-162). Frank &amp; Timme. <span class=\"tag-access\">[in English]<\/span> <\/li><li><span class=\"tag-access\">[book chapter]<\/span> Taylor, C., &amp; Perego, E. (2020). New approaches to accessibility and audio description in museum environments. In S. Braun, &amp; K. Starr (Eds.). <em>Innovation in audio description research <\/em>(pp. 33-55). Routledge. <span class=\"tag-access\">[in English]<\/span> <\/li><\/ul>\n\n\n\n<h2 class=\"wp-block-heading\">ELEMENT 3. Technical aspects&nbsp;<\/h2>\n\n\n\n<ul class=\"wp-block-list\"><li><span class=\"tag-access\">[open-access guidelines chapter]<\/span> Benecke, B., &amp; V\u00f6lz, H. (2014). Technical features. In A. Remael, N. Reviers, &amp; G. Vercauteren (Eds.). <a href=\"http:\/\/www.adlabproject.eu\/Docs\/adlab%20book\/index.html\" target=\"_blank\" rel=\"noreferrer noopener nofollow\"><em>Pictures painted in words. ADLAB audio description guidelines<\/em><\/a> (pp. 55-58). The ADLAB project. <span class=\"tag-access\">[in English]<\/span> <\/li><li><span class=\"tag-access\">[book chapter]<\/span> Bernab\u00e9, R., &amp; Orero, P. (2021). Easier audio description: Exploring the potential of Easy-to-Read principles in simplifying AD. In S. Brown, &amp; K. Starr (Eds.). <em>Innovation in audio description research <\/em>(pp. 55-75). Routledge. <span class=\"tag-access\">[in English]<\/span> <\/li><li><span class=\"tag-access\">[research article]<\/span> Walczak, A. (2018). Audio description on smartphones: making cinema accessible for visually impaired audiences.\u202f<em>Universal access in the information society,\u202f17<\/em>(4), 833\u2013840. <span class=\"tag-access\">[in English]<\/span> <\/li><\/ul>\n","protected":false},"excerpt":{"rendered":"<p>ELEMENT 1. Processes&nbsp; [open-access research article] Arias-Badia, B., &amp; Fern\u00e1ndez-Torn\u00e9, A. (2020). El experto en lenguaje f\u00e1cil de comprender: un nuevo perfil educativo y profesional en el \u00e1mbito de la lengua espa\u00f1ola. MonTI. Monograf\u00edas de Traducci\u00f3n e Interpretaci\u00f3n, 12, 295-312. [in Spanish] [open-access research article] Arias-Badia, B., &amp; Matamala, A. (2020). Audio description meets Easy-to-Read [&hellip;]<\/p>\n","protected":false},"author":1,"featured_media":0,"parent":48,"menu_order":0,"comment_status":"closed","ping_status":"closed","template":"","meta":{"footnotes":""},"class_list":["post-727","page","type-page","status-publish","hentry"],"acf":[],"yoast_head":"<!-- This site is optimized with the Yoast SEO plugin v20.0 - https:\/\/yoast.com\/wordpress\/plugins\/seo\/ -->\n<title>Reading List - EASIT<\/title>\n<meta name=\"robots\" content=\"index, follow, max-snippet:-1, max-image-preview:large, max-video-preview:-1\" \/>\n<link rel=\"canonical\" href=\"https:\/\/transmediacatalonia.uab.cat\/easit\/unit-3b\/reading-list\/\" \/>\n<meta property=\"og:locale\" content=\"en_GB\" \/>\n<meta property=\"og:type\" content=\"article\" \/>\n<meta property=\"og:title\" content=\"Reading List - EASIT\" \/>\n<meta property=\"og:description\" content=\"ELEMENT 1. Processes&nbsp; [open-access research article] Arias-Badia, B., &amp; Fern\u00e1ndez-Torn\u00e9, A. (2020). El experto en lenguaje f\u00e1cil de comprender: un nuevo perfil educativo y profesional en el \u00e1mbito de la lengua espa\u00f1ola. MonTI. Monograf\u00edas de Traducci\u00f3n e Interpretaci\u00f3n, 12, 295-312. [in Spanish] [open-access research article] Arias-Badia, B., &amp; Matamala, A. (2020). Audio description meets Easy-to-Read [&hellip;]\" \/>\n<meta property=\"og:url\" content=\"https:\/\/transmediacatalonia.uab.cat\/easit\/unit-3b\/reading-list\/\" \/>\n<meta property=\"og:site_name\" content=\"EASIT\" \/>\n<meta property=\"article:modified_time\" content=\"2021-12-27T15:54:57+00:00\" \/>\n<meta name=\"twitter:card\" content=\"summary_large_image\" \/>\n<meta name=\"twitter:label1\" content=\"Estimated reading time\" \/>\n\t<meta name=\"twitter:data1\" content=\"2 minutes\" \/>\n<script type=\"application\/ld+json\" class=\"yoast-schema-graph\">{\"@context\":\"https:\/\/schema.org\",\"@graph\":[{\"@type\":\"WebPage\",\"@id\":\"https:\/\/transmediacatalonia.uab.cat\/easit\/unit-3b\/reading-list\/\",\"url\":\"https:\/\/transmediacatalonia.uab.cat\/easit\/unit-3b\/reading-list\/\",\"name\":\"Reading List - EASIT\",\"isPartOf\":{\"@id\":\"https:\/\/transmediacatalonia.uab.cat\/easit\/#website\"},\"datePublished\":\"2021-07-25T15:40:46+00:00\",\"dateModified\":\"2021-12-27T15:54:57+00:00\",\"breadcrumb\":{\"@id\":\"https:\/\/transmediacatalonia.uab.cat\/easit\/unit-3b\/reading-list\/#breadcrumb\"},\"inLanguage\":\"en-GB\",\"potentialAction\":[{\"@type\":\"ReadAction\",\"target\":[\"https:\/\/transmediacatalonia.uab.cat\/easit\/unit-3b\/reading-list\/\"]}]},{\"@type\":\"BreadcrumbList\",\"@id\":\"https:\/\/transmediacatalonia.uab.cat\/easit\/unit-3b\/reading-list\/#breadcrumb\",\"itemListElement\":[{\"@type\":\"ListItem\",\"position\":1,\"name\":\"Home\",\"item\":\"https:\/\/transmediacatalonia.uab.cat\/easit\/\"},{\"@type\":\"ListItem\",\"position\":2,\"name\":\"UNIT 3B. E2U and audio description\",\"item\":\"https:\/\/transmediacatalonia.uab.cat\/easit\/unit-3b\/\"},{\"@type\":\"ListItem\",\"position\":3,\"name\":\"Reading List\"}]},{\"@type\":\"WebSite\",\"@id\":\"https:\/\/transmediacatalonia.uab.cat\/easit\/#website\",\"url\":\"https:\/\/transmediacatalonia.uab.cat\/easit\/\",\"name\":\"EASIT\",\"description\":\"Easy Access for Social Inclusion Trainig\",\"potentialAction\":[{\"@type\":\"SearchAction\",\"target\":{\"@type\":\"EntryPoint\",\"urlTemplate\":\"https:\/\/transmediacatalonia.uab.cat\/easit\/?s={search_term_string}\"},\"query-input\":\"required name=search_term_string\"}],\"inLanguage\":\"en-GB\"}]}<\/script>\n<!-- \/ Yoast SEO plugin. -->","yoast_head_json":{"title":"Reading List - EASIT","robots":{"index":"index","follow":"follow","max-snippet":"max-snippet:-1","max-image-preview":"max-image-preview:large","max-video-preview":"max-video-preview:-1"},"canonical":"https:\/\/transmediacatalonia.uab.cat\/easit\/unit-3b\/reading-list\/","og_locale":"en_GB","og_type":"article","og_title":"Reading List - EASIT","og_description":"ELEMENT 1. Processes&nbsp; [open-access research article] Arias-Badia, B., &amp; Fern\u00e1ndez-Torn\u00e9, A. (2020). El experto en lenguaje f\u00e1cil de comprender: un nuevo perfil educativo y profesional en el \u00e1mbito de la lengua espa\u00f1ola. MonTI. Monograf\u00edas de Traducci\u00f3n e Interpretaci\u00f3n, 12, 295-312. [in Spanish] [open-access research article] Arias-Badia, B., &amp; Matamala, A. (2020). Audio description meets Easy-to-Read [&hellip;]","og_url":"https:\/\/transmediacatalonia.uab.cat\/easit\/unit-3b\/reading-list\/","og_site_name":"EASIT","article_modified_time":"2021-12-27T15:54:57+00:00","twitter_card":"summary_large_image","twitter_misc":{"Estimated reading time":"2 minutes"},"schema":{"@context":"https:\/\/schema.org","@graph":[{"@type":"WebPage","@id":"https:\/\/transmediacatalonia.uab.cat\/easit\/unit-3b\/reading-list\/","url":"https:\/\/transmediacatalonia.uab.cat\/easit\/unit-3b\/reading-list\/","name":"Reading List - EASIT","isPartOf":{"@id":"https:\/\/transmediacatalonia.uab.cat\/easit\/#website"},"datePublished":"2021-07-25T15:40:46+00:00","dateModified":"2021-12-27T15:54:57+00:00","breadcrumb":{"@id":"https:\/\/transmediacatalonia.uab.cat\/easit\/unit-3b\/reading-list\/#breadcrumb"},"inLanguage":"en-GB","potentialAction":[{"@type":"ReadAction","target":["https:\/\/transmediacatalonia.uab.cat\/easit\/unit-3b\/reading-list\/"]}]},{"@type":"BreadcrumbList","@id":"https:\/\/transmediacatalonia.uab.cat\/easit\/unit-3b\/reading-list\/#breadcrumb","itemListElement":[{"@type":"ListItem","position":1,"name":"Home","item":"https:\/\/transmediacatalonia.uab.cat\/easit\/"},{"@type":"ListItem","position":2,"name":"UNIT 3B. E2U and audio description","item":"https:\/\/transmediacatalonia.uab.cat\/easit\/unit-3b\/"},{"@type":"ListItem","position":3,"name":"Reading List"}]},{"@type":"WebSite","@id":"https:\/\/transmediacatalonia.uab.cat\/easit\/#website","url":"https:\/\/transmediacatalonia.uab.cat\/easit\/","name":"EASIT","description":"Easy Access for Social Inclusion Trainig","potentialAction":[{"@type":"SearchAction","target":{"@type":"EntryPoint","urlTemplate":"https:\/\/transmediacatalonia.uab.cat\/easit\/?s={search_term_string}"},"query-input":"required name=search_term_string"}],"inLanguage":"en-GB"}]}},"_links":{"self":[{"href":"https:\/\/transmediacatalonia.uab.cat\/easit\/wp-json\/wp\/v2\/pages\/727","targetHints":{"allow":["GET"]}}],"collection":[{"href":"https:\/\/transmediacatalonia.uab.cat\/easit\/wp-json\/wp\/v2\/pages"}],"about":[{"href":"https:\/\/transmediacatalonia.uab.cat\/easit\/wp-json\/wp\/v2\/types\/page"}],"author":[{"embeddable":true,"href":"https:\/\/transmediacatalonia.uab.cat\/easit\/wp-json\/wp\/v2\/users\/1"}],"replies":[{"embeddable":true,"href":"https:\/\/transmediacatalonia.uab.cat\/easit\/wp-json\/wp\/v2\/comments?post=727"}],"version-history":[{"count":9,"href":"https:\/\/transmediacatalonia.uab.cat\/easit\/wp-json\/wp\/v2\/pages\/727\/revisions"}],"predecessor-version":[{"id":1957,"href":"https:\/\/transmediacatalonia.uab.cat\/easit\/wp-json\/wp\/v2\/pages\/727\/revisions\/1957"}],"up":[{"embeddable":true,"href":"https:\/\/transmediacatalonia.uab.cat\/easit\/wp-json\/wp\/v2\/pages\/48"}],"wp:attachment":[{"href":"https:\/\/transmediacatalonia.uab.cat\/easit\/wp-json\/wp\/v2\/media?parent=727"}],"curies":[{"name":"wp","href":"https:\/\/api.w.org\/{rel}","templated":true}]}}