{"id":854,"date":"2021-07-28T05:57:01","date_gmt":"2021-07-28T04:57:01","guid":{"rendered":"https:\/\/transmediacatalonia.uab.cat\/easit\/?page_id=854"},"modified":"2024-03-22T12:02:45","modified_gmt":"2024-03-22T12:02:45","slug":"visual-presentation-format","status":"publish","type":"page","link":"https:\/\/transmediacatalonia.uab.cat\/easit\/unit-2\/element-5\/visual-presentation-format\/","title":{"rendered":"2.5.1. Visual presentation: format"},"content":{"rendered":"\n<h2 class=\"wp-block-heading\">Additional materials<\/h2>\n\n\n\n<ul class=\"wp-block-list\"><li><span class=\"tag-access\">[open-access research document]<\/span> Anula, A., Fern\u00e1ndez-Lagunilla, M., Belinch\u00f3n, M., Revilla, A., &amp; Heras, L. (2006.).<em> <\/em><a href=\"https:\/\/www.researchgate.net\/publication\/311391264_Introduccion_a_Don_Quijote_Facil_Lectura\" target=\"_blank\" rel=\"noreferrer noopener nofollow\"><em>Introducci\u00f3n a Don Quijote de la Mancha de f\u00e1cil lectura<\/em><\/a>. Fundaci\u00f3n General de la Universidad Aut\u00f3noma de Madrid. <span class=\"tag-access\">[in Spanish]<\/span>.<\/li><li><span class=\"tag-access\">[website]<\/span> Apotheken Umschau (Wort &amp; Bild Verlag). (n.d.).<em> <\/em><a href=\"https:\/\/www.apotheken-umschau.de\/einfache-sprache\/\" target=\"_blank\" rel=\"noreferrer noopener nofollow\"><em>Einfache Sprache<\/em><\/a>. <span class=\"tag-access\">[in German]<\/span><\/li><li><span class=\"tag-access\">[online repository]<\/span> Associaci\u00f3 Lectura F\u00e0cil. (n.d.). <a href=\"https:\/\/repositori.lecturafacil.net\/\" target=\"_blank\" rel=\"noreferrer noopener nofollow\">Recursos. Repositori lectura f\u00e1cil<\/a>. <span class=\"tag-access\">[in Catalan and Spanish]<\/span><\/li><li><span class=\"tag-access\">[website]<\/span> Deutschlandfunk. (n.d.).<em> <\/em><a href=\"https:\/\/www.nachrichtenleicht.de\/\" target=\"_blank\" rel=\"noreferrer noopener nofollow\"><em>Nachrichtenleicht<\/em><\/a>. <span class=\"tag-access\">[in German]<\/span>.<\/li><li><span class=\"tag-access\">[open-access dictionary]<\/span> Hep Hep Hurra e.V. (n.d.).<em> <\/em><a href=\"https:\/\/hurraki.de\/wiki\/Hauptseite\" target=\"_blank\" rel=\"noreferrer noopener nofollow\"><em>Hurraki. W\u00f6rterbuch f\u00fcr Leichte Sprache<\/em><\/a>. <span class=\"tag-access\">[in German]<\/span><\/li><li><span class=\"tag-access\">[website]<\/span> Johannes Gutenberg Universit\u00e4t Mainz. (n.d.).<em> <\/em><a href=\"https:\/\/leichtesprache.uni-mainz.de\/\" target=\"_blank\" rel=\"noreferrer noopener nofollow\"><em>Graduiertenkolleg \u201eEinfach komplex \u2013 Leichte Sprache<\/em><\/a><em>\u201c<\/em>. <span class=\"tag-access\">[in German]<\/span>.<\/li><li><span class=\"tag-access\">[open-access dictionary]<\/span> Lebenshilfe. (n.d.)<em>. <\/em><a href=\"https:\/\/www.lebenshilfe.de\/woerterbuch\/?tx_lfdictionary_list%5Boffset%5D=0&amp;cHash=f4fbc8254f25d19f9cc5243755281650\" target=\"_blank\" rel=\"noreferrer noopener nofollow\"><em>W\u00f6rterbuch in Leichter Sprache<\/em><\/a>. <span class=\"tag-access\">[in German]<\/span><\/li><li><span class=\"tag-access\">[open-access booklet]<\/span> Maa\u00df, C. (n.d.)<em>. <\/em><a href=\"https:\/\/www.nibis.de\/uploads\/2ddl\/Christiane%20Maa%C3%9F-Regeln%20Leichte%20Sprache%20U%CC%88bersicht.pdf\" target=\"_blank\" rel=\"noreferrer noopener nofollow\"><em>Leichte Sprache<\/em><\/a>. Forschungsstelle Leichte Sprache. <span class=\"tag-access\">[in German]<\/span><\/li><li><span class=\"tag-access\">[website]<\/span> Norddeutscher Rundfunk (NDR). (n.d.). <a href=\"https:\/\/www.ndr.de\/fernsehen\/barrierefreie_angebote\/leichte_sprache\/Der-NDR-in-Leichter-Sprache,leichtesprache104.html\" target=\"_blank\" rel=\"noreferrer noopener nofollow\"><em>Der NDR in Leichter Sprache<\/em><\/a><em>.<\/em> <span class=\"tag-access\">[in German]<\/span><\/li><li><span class=\"tag-access\">[open-access dictionary]<\/span> Plena Inclusi\u00f3n Madrid. (2016)<em>. <\/em><a href=\"http:\/\/diccionariofacil.org\/\" target=\"_blank\" rel=\"noreferrer noopener nofollow\"><em>Diccionario f\u00e1cil<\/em><\/a>. <span class=\"tag-access\">[in Spanish]<\/span><\/li><li><span class=\"tag-access\">[online repository]<\/span> Plena Inclusi\u00f3n Madrid. (n.d.). <a href=\"https:\/\/plenainclusionmadrid.org\/publicaciones-y-documentos-en-lectura-facil\/\" target=\"_blank\" rel=\"noreferrer noopener nofollow\"><em>Publicaciones y documentos en Lectura F\u00e1cil<\/em><\/a>. <span class=\"tag-access\">[in Spanish]<\/span><\/li><li><span class=\"tag-access\">[website]<\/span> Selkokeskus (Finnish Centre for Easy Language). (n.d.).<em> <\/em><a href=\"https:\/\/selkokeskus.fi\/in-english\/\" target=\"_blank\" rel=\"noreferrer noopener nofollow\"><em>Say it in easy to read!<\/em><\/a>. <span class=\"tag-access\">[in Finnish and English]<\/span>.<\/li><li><span class=\"tag-access\">[magazine]<\/span> Verlagsgruppe Schnell &amp; Steiner. (n.d.).<em> <\/em><a href=\"https:\/\/www.schnell-und-steiner.de\/artikel_10293.ahtml\" target=\"_blank\" rel=\"noreferrer noopener nofollow\"><em>LeichtSinn. Magazin in Leichter Sprache<\/em><\/a>. <span class=\"tag-access\">[in German]<\/span>.<\/li><li><span class=\"tag-access\">[website]<\/span> Westdeutscher Rundfunk. (n.d.).<em> <\/em><a href=\"https:\/\/www1.wdr.de\/hilfe\/leichte-sprache\/index.html\" target=\"_blank\" rel=\"noreferrer noopener nofollow\"><em>Texte in Leichter Sprache<\/em><\/a>. <span class=\"tag-access\">[in German]<\/span>.<\/li><\/ul>\n","protected":false},"excerpt":{"rendered":"<p>Additional materials [open-access research document] Anula, A., Fern\u00e1ndez-Lagunilla, M., Belinch\u00f3n, M., Revilla, A., &amp; Heras, L. (2006.). Introducci\u00f3n a Don Quijote de la Mancha de f\u00e1cil lectura. Fundaci\u00f3n General de la Universidad Aut\u00f3noma de Madrid. [in Spanish]. [website] Apotheken Umschau (Wort &amp; Bild Verlag). (n.d.). Einfache Sprache. [in German] [online repository] Associaci\u00f3 Lectura F\u00e0cil. (n.d.). [&hellip;]<\/p>\n","protected":false},"author":1,"featured_media":0,"parent":775,"menu_order":0,"comment_status":"closed","ping_status":"closed","template":"","meta":{"footnotes":""},"class_list":["post-854","page","type-page","status-publish","hentry"],"acf":[],"yoast_head":"<!-- This site is optimized with the Yoast SEO plugin v20.0 - https:\/\/yoast.com\/wordpress\/plugins\/seo\/ -->\n<title>2.5.1. Visual presentation: format - EASIT<\/title>\n<meta name=\"robots\" content=\"index, follow, max-snippet:-1, max-image-preview:large, max-video-preview:-1\" \/>\n<link rel=\"canonical\" href=\"https:\/\/transmediacatalonia.uab.cat\/easit\/unit-2\/element-5\/visual-presentation-format\/\" \/>\n<meta property=\"og:locale\" content=\"en_GB\" \/>\n<meta property=\"og:type\" content=\"article\" \/>\n<meta property=\"og:title\" content=\"2.5.1. Visual presentation: format - EASIT\" \/>\n<meta property=\"og:description\" content=\"Additional materials [open-access research document] Anula, A., Fern\u00e1ndez-Lagunilla, M., Belinch\u00f3n, M., Revilla, A., &amp; Heras, L. (2006.). Introducci\u00f3n a Don Quijote de la Mancha de f\u00e1cil lectura. Fundaci\u00f3n General de la Universidad Aut\u00f3noma de Madrid. [in Spanish]. [website] Apotheken Umschau (Wort &amp; Bild Verlag). (n.d.). Einfache Sprache. [in German] [online repository] Associaci\u00f3 Lectura F\u00e0cil. (n.d.). [&hellip;]\" \/>\n<meta property=\"og:url\" content=\"https:\/\/transmediacatalonia.uab.cat\/easit\/unit-2\/element-5\/visual-presentation-format\/\" \/>\n<meta property=\"og:site_name\" content=\"EASIT\" \/>\n<meta property=\"article:modified_time\" content=\"2024-03-22T12:02:45+00:00\" \/>\n<meta name=\"twitter:card\" content=\"summary_large_image\" \/>\n<meta name=\"twitter:label1\" content=\"Estimated reading time\" \/>\n\t<meta name=\"twitter:data1\" content=\"1 minute\" \/>\n<script type=\"application\/ld+json\" class=\"yoast-schema-graph\">{\"@context\":\"https:\/\/schema.org\",\"@graph\":[{\"@type\":\"WebPage\",\"@id\":\"https:\/\/transmediacatalonia.uab.cat\/easit\/unit-2\/element-5\/visual-presentation-format\/\",\"url\":\"https:\/\/transmediacatalonia.uab.cat\/easit\/unit-2\/element-5\/visual-presentation-format\/\",\"name\":\"2.5.1. Visual presentation: format - EASIT\",\"isPartOf\":{\"@id\":\"https:\/\/transmediacatalonia.uab.cat\/easit\/#website\"},\"datePublished\":\"2021-07-28T04:57:01+00:00\",\"dateModified\":\"2024-03-22T12:02:45+00:00\",\"breadcrumb\":{\"@id\":\"https:\/\/transmediacatalonia.uab.cat\/easit\/unit-2\/element-5\/visual-presentation-format\/#breadcrumb\"},\"inLanguage\":\"en-GB\",\"potentialAction\":[{\"@type\":\"ReadAction\",\"target\":[\"https:\/\/transmediacatalonia.uab.cat\/easit\/unit-2\/element-5\/visual-presentation-format\/\"]}]},{\"@type\":\"BreadcrumbList\",\"@id\":\"https:\/\/transmediacatalonia.uab.cat\/easit\/unit-2\/element-5\/visual-presentation-format\/#breadcrumb\",\"itemListElement\":[{\"@type\":\"ListItem\",\"position\":1,\"name\":\"Home\",\"item\":\"https:\/\/transmediacatalonia.uab.cat\/easit\/\"},{\"@type\":\"ListItem\",\"position\":2,\"name\":\"UNIT 2. Easy-to-understand language\",\"item\":\"https:\/\/transmediacatalonia.uab.cat\/easit\/unit-2\/\"},{\"@type\":\"ListItem\",\"position\":3,\"name\":\"ELEMENT 5. Visual presentation\",\"item\":\"https:\/\/transmediacatalonia.uab.cat\/easit\/unit-2\/element-5\/\"},{\"@type\":\"ListItem\",\"position\":4,\"name\":\"2.5.1. Visual presentation: format\"}]},{\"@type\":\"WebSite\",\"@id\":\"https:\/\/transmediacatalonia.uab.cat\/easit\/#website\",\"url\":\"https:\/\/transmediacatalonia.uab.cat\/easit\/\",\"name\":\"EASIT\",\"description\":\"Easy Access for Social Inclusion Trainig\",\"potentialAction\":[{\"@type\":\"SearchAction\",\"target\":{\"@type\":\"EntryPoint\",\"urlTemplate\":\"https:\/\/transmediacatalonia.uab.cat\/easit\/?s={search_term_string}\"},\"query-input\":\"required name=search_term_string\"}],\"inLanguage\":\"en-GB\"}]}<\/script>\n<!-- \/ Yoast SEO plugin. -->","yoast_head_json":{"title":"2.5.1. Visual presentation: format - EASIT","robots":{"index":"index","follow":"follow","max-snippet":"max-snippet:-1","max-image-preview":"max-image-preview:large","max-video-preview":"max-video-preview:-1"},"canonical":"https:\/\/transmediacatalonia.uab.cat\/easit\/unit-2\/element-5\/visual-presentation-format\/","og_locale":"en_GB","og_type":"article","og_title":"2.5.1. Visual presentation: format - EASIT","og_description":"Additional materials [open-access research document] Anula, A., Fern\u00e1ndez-Lagunilla, M., Belinch\u00f3n, M., Revilla, A., &amp; Heras, L. (2006.). Introducci\u00f3n a Don Quijote de la Mancha de f\u00e1cil lectura. Fundaci\u00f3n General de la Universidad Aut\u00f3noma de Madrid. [in Spanish]. [website] Apotheken Umschau (Wort &amp; Bild Verlag). (n.d.). Einfache Sprache. [in German] [online repository] Associaci\u00f3 Lectura F\u00e0cil. (n.d.). [&hellip;]","og_url":"https:\/\/transmediacatalonia.uab.cat\/easit\/unit-2\/element-5\/visual-presentation-format\/","og_site_name":"EASIT","article_modified_time":"2024-03-22T12:02:45+00:00","twitter_card":"summary_large_image","twitter_misc":{"Estimated reading time":"1 minute"},"schema":{"@context":"https:\/\/schema.org","@graph":[{"@type":"WebPage","@id":"https:\/\/transmediacatalonia.uab.cat\/easit\/unit-2\/element-5\/visual-presentation-format\/","url":"https:\/\/transmediacatalonia.uab.cat\/easit\/unit-2\/element-5\/visual-presentation-format\/","name":"2.5.1. Visual presentation: format - EASIT","isPartOf":{"@id":"https:\/\/transmediacatalonia.uab.cat\/easit\/#website"},"datePublished":"2021-07-28T04:57:01+00:00","dateModified":"2024-03-22T12:02:45+00:00","breadcrumb":{"@id":"https:\/\/transmediacatalonia.uab.cat\/easit\/unit-2\/element-5\/visual-presentation-format\/#breadcrumb"},"inLanguage":"en-GB","potentialAction":[{"@type":"ReadAction","target":["https:\/\/transmediacatalonia.uab.cat\/easit\/unit-2\/element-5\/visual-presentation-format\/"]}]},{"@type":"BreadcrumbList","@id":"https:\/\/transmediacatalonia.uab.cat\/easit\/unit-2\/element-5\/visual-presentation-format\/#breadcrumb","itemListElement":[{"@type":"ListItem","position":1,"name":"Home","item":"https:\/\/transmediacatalonia.uab.cat\/easit\/"},{"@type":"ListItem","position":2,"name":"UNIT 2. Easy-to-understand language","item":"https:\/\/transmediacatalonia.uab.cat\/easit\/unit-2\/"},{"@type":"ListItem","position":3,"name":"ELEMENT 5. Visual presentation","item":"https:\/\/transmediacatalonia.uab.cat\/easit\/unit-2\/element-5\/"},{"@type":"ListItem","position":4,"name":"2.5.1. Visual presentation: format"}]},{"@type":"WebSite","@id":"https:\/\/transmediacatalonia.uab.cat\/easit\/#website","url":"https:\/\/transmediacatalonia.uab.cat\/easit\/","name":"EASIT","description":"Easy Access for Social Inclusion Trainig","potentialAction":[{"@type":"SearchAction","target":{"@type":"EntryPoint","urlTemplate":"https:\/\/transmediacatalonia.uab.cat\/easit\/?s={search_term_string}"},"query-input":"required name=search_term_string"}],"inLanguage":"en-GB"}]}},"_links":{"self":[{"href":"https:\/\/transmediacatalonia.uab.cat\/easit\/wp-json\/wp\/v2\/pages\/854","targetHints":{"allow":["GET"]}}],"collection":[{"href":"https:\/\/transmediacatalonia.uab.cat\/easit\/wp-json\/wp\/v2\/pages"}],"about":[{"href":"https:\/\/transmediacatalonia.uab.cat\/easit\/wp-json\/wp\/v2\/types\/page"}],"author":[{"embeddable":true,"href":"https:\/\/transmediacatalonia.uab.cat\/easit\/wp-json\/wp\/v2\/users\/1"}],"replies":[{"embeddable":true,"href":"https:\/\/transmediacatalonia.uab.cat\/easit\/wp-json\/wp\/v2\/comments?post=854"}],"version-history":[{"count":9,"href":"https:\/\/transmediacatalonia.uab.cat\/easit\/wp-json\/wp\/v2\/pages\/854\/revisions"}],"predecessor-version":[{"id":2309,"href":"https:\/\/transmediacatalonia.uab.cat\/easit\/wp-json\/wp\/v2\/pages\/854\/revisions\/2309"}],"up":[{"embeddable":true,"href":"https:\/\/transmediacatalonia.uab.cat\/easit\/wp-json\/wp\/v2\/pages\/775"}],"wp:attachment":[{"href":"https:\/\/transmediacatalonia.uab.cat\/easit\/wp-json\/wp\/v2\/media?parent=854"}],"curies":[{"name":"wp","href":"https:\/\/api.w.org\/{rel}","templated":true}]}}