{"id":955,"date":"2021-07-28T06:30:16","date_gmt":"2021-07-28T05:30:16","guid":{"rendered":"https:\/\/transmediacatalonia.uab.cat\/easit\/?page_id=955"},"modified":"2024-03-22T12:15:55","modified_gmt":"2024-03-22T12:15:55","slug":"e2u-art-ad-a-sample","status":"publish","type":"page","link":"https:\/\/transmediacatalonia.uab.cat\/easit\/unit-3b\/element-1\/e2u-art-ad-a-sample\/","title":{"rendered":"3B.1.6. E2U art AD - A sample"},"content":{"rendered":"\n<h2 class=\"wp-block-heading\">Additional materials<\/h2>\n\n\n\n<ul class=\"wp-block-list\"><li><span class=\"tag-access\">[website]<\/span> <a href=\"https:\/\/www.descrivedendo.it\/\" target=\"_blank\" rel=\"noreferrer noopener nofollow\">Descrivedendo<\/a>. <span class=\"tag-access\">[in Italian]<\/span><\/li><li><span class=\"tag-access\">[webpage]<\/span> <a href=\"https:\/\/museostorianaturaletrieste.it\/museo-accessibile\/\" target=\"_blank\" rel=\"noreferrer noopener nofollow\">Museo di storia naturale, Museo accessibile<\/a>. <span class=\"tag-access\">[in Italian]<\/span><\/li><li><span class=\"tag-access\">[blog]<\/span> Neum\u00fcller, M. (202, August 26). <a href=\"https:\/\/museumforallblog.wordpress.com\/2020\/08\/26\/arches-results-in-easy-read\/\" target=\"_blank\" rel=\"noreferrer noopener nofollow\">ARCHES results in easy read<\/a>. <em>Museum for All<\/em>. <span class=\"tag-access\">[in English]<\/span><\/li><li><span class=\"tag-access\">[research article]<\/span> Span, S., Clementi, P., &amp; Arbulla, D. (2019). Museo accessibile: il Linguaggio facile da leggere e la Comunicazione Aumentativa Alternativa per la divulgazione scientifica semplificata. <em>Museologia Scientifica Memorie<\/em>, 18, 127-130. <span class=\"tag-access\">[in Italian]<\/span><\/li><li><span class=\"tag-access\">[website]<\/span> <a href=\"https:\/\/vocaleyes.co.uk\/\" target=\"_blank\" rel=\"noreferrer noopener nofollow\">VocalEyes<\/a>. <span class=\"tag-access\">[in English]<\/span><\/li><li><span class=\"tag-access\">[webpage]<\/span> VocalEyes. (n.d.). <a href=\"https:\/\/vocaleyes.co.uk\/audio\/audio-archive\/?audioType=museums\" target=\"_blank\" rel=\"noreferrer noopener nofollow\"><em>Museums: Audio introductions<\/em><\/a>. <span class=\"tag-access\">[in English]<\/span><\/li><li><span class=\"tag-access\">[webpage]<\/span> VocalEyes. (n.d<em>.). <\/em><a href=\"https:\/\/vocaleyes.co.uk\/audio\/\" target=\"_blank\" rel=\"noreferrer noopener nofollow\"><em>Recorded audio description, interviews and other audio features<\/em><\/a>. <span class=\"tag-access\">[in English]<\/span><\/li><li><span class=\"tag-access\">[webpage]<\/span> Associaci\u00f3 Lectura F\u00e0cil. (2021, February 12). <a href=\"http:\/\/www.lecturafacil.net\/news\/la-lectura-facil-als-museus\/\" target=\"_blank\" rel=\"noreferrer noopener nofollow\"><em>La Lectura F\u00e0cil als museus<\/em><\/a>. <span class=\"tag-access\">[in Catalan]<\/span><\/li><li><span class=\"tag-access\">[open-access video]<\/span> Buggin, E., Gazzani, L., Momo, A. G., Platnter, K., &amp; Ronchese, M. (2021, March 24). <a href=\"https:\/\/youtu.be\/N666Gy6MCRY\" target=\"_blank\" rel=\"noreferrer noopener nofollow\"><em>Audio descrizione museale facile<\/em><\/a>. YouTube. <span class=\"tag-access\">[in Italian]<\/span><\/li><li><span class=\"tag-access\">[webpage]<\/span> Grupo AM\u00c1S. (2017, May 4). <a href=\"https:\/\/www.grupoamas.org\/amas-facil-adapta-los-audios-explicativos-de-la-obra-la-autora-de-las-meninas-que-teatro-accesible-pone-en-escena-el-14-de-mayo-en-barcelona\/\" target=\"_blank\" rel=\"noreferrer noopener nofollow\"><em>AM\u00c1S F\u00e1cil adapta los audios explicativos de la obra \u201cLa autora de las Meninas\u201d, que Teatro Accesible pone en escena el 14 de mayo en Barcelona<\/em><\/a>. <span class=\"tag-access\">[in Spanish]<\/span><\/li><li><span class=\"tag-access\">[webpage]<\/span> Ministerio de Cultura y Deporte, Gobierno de Espa\u00f1a. (n.d.). <a href=\"https:\/\/www.culturaydeporte.gob.es\/cultura\/areas\/museos\/mc\/nuestros-museos\/guias.html\" target=\"_blank\" rel=\"noreferrer noopener nofollow\"><em>Nuestros museos<\/em><\/a>. <span class=\"tag-access\">[in Spanish]<\/span><\/li><li><span class=\"tag-access\">[open-access art guide]<\/span> Museo Nacional del Prado. (n.d.). <a href=\"https:\/\/content3.cdnprado.net\/doclinks\/pdf\/visita\/plano\/accesible\/Guia_accesible_MNP.pdf\" target=\"_blank\" rel=\"noreferrer noopener nofollow\"><em>Gu\u00eda accesible. 10 obras maestras<\/em><\/a>. <span class=\"tag-access\">[in Spanish]<\/span><\/li><li><span class=\"tag-access\">[open-access art guide]<\/span> Museo Nacional Thyssen-Bornemisza, &amp; AM\u00c1S F\u00e1cil. (2019). <a href=\"https:\/\/imagenes.educathyssen.org\/sites\/default\/files\/document\/2019-06\/MUSEO%20F%C3%81CIL.pdf\" target=\"_blank\" rel=\"noreferrer noopener nofollow\"><em>Museo f\u00e1cil. Una gu\u00eda f\u00e1cil para recorrer y descubrir el Museo Nacional Thyssen-Bornemisza<\/em><\/a>. <span class=\"tag-access\">[in Spanish]<\/span><\/li><li><span class=\"tag-access\">[open-access research article]<\/span> Perego, E. (2018). <a href=\"https:\/\/www.tandfonline.com\/doi\/pdf\/10.1080\/0907676X.2018.1544648?casa_token=bwcnnj4udR0AAAAA:AQz-J_Zv2bE7pHFyFdyn7vQ8q5VbWi3gmHDGzXm8c9Co_qr3V1cflG6ny3SsMzk43cPX1anWZ5QCSA\" target=\"_blank\" rel=\"noreferrer noopener nofollow\">Into the language of museum audio descriptions: A corpus-based study<\/a>. <em>Perspectives: Studies in Translation Theory and Practice<\/em>, 27(3), 333-349. <span class=\"tag-access\">[in English]<\/span><\/li><\/ul>\n","protected":false},"excerpt":{"rendered":"<p>Additional materials [website] Descrivedendo. [in Italian] [webpage] Museo di storia naturale, Museo accessibile. [in Italian] [blog] Neum\u00fcller, M. (202, August 26). ARCHES results in easy read. Museum for All. [in English] [research article] Span, S., Clementi, P., &amp; Arbulla, D. (2019). Museo accessibile: il Linguaggio facile da leggere e la Comunicazione Aumentativa Alternativa per la [&hellip;]<\/p>\n","protected":false},"author":1,"featured_media":0,"parent":936,"menu_order":0,"comment_status":"closed","ping_status":"closed","template":"","meta":{"footnotes":""},"class_list":["post-955","page","type-page","status-publish","hentry"],"acf":[],"yoast_head":"<!-- This site is optimized with the Yoast SEO plugin v20.0 - https:\/\/yoast.com\/wordpress\/plugins\/seo\/ -->\n<title>3B.1.6. E2U art AD - A sample - EASIT<\/title>\n<meta name=\"robots\" content=\"index, follow, max-snippet:-1, max-image-preview:large, max-video-preview:-1\" \/>\n<link rel=\"canonical\" href=\"https:\/\/transmediacatalonia.uab.cat\/easit\/unit-3b\/element-1\/e2u-art-ad-a-sample\/\" \/>\n<meta property=\"og:locale\" content=\"en_GB\" \/>\n<meta property=\"og:type\" content=\"article\" \/>\n<meta property=\"og:title\" content=\"3B.1.6. E2U art AD - A sample - EASIT\" \/>\n<meta property=\"og:description\" content=\"Additional materials [website] Descrivedendo. [in Italian] [webpage] Museo di storia naturale, Museo accessibile. [in Italian] [blog] Neum\u00fcller, M. (202, August 26). ARCHES results in easy read. Museum for All. [in English] [research article] Span, S., Clementi, P., &amp; Arbulla, D. (2019). Museo accessibile: il Linguaggio facile da leggere e la Comunicazione Aumentativa Alternativa per la [&hellip;]\" \/>\n<meta property=\"og:url\" content=\"https:\/\/transmediacatalonia.uab.cat\/easit\/unit-3b\/element-1\/e2u-art-ad-a-sample\/\" \/>\n<meta property=\"og:site_name\" content=\"EASIT\" \/>\n<meta property=\"article:modified_time\" content=\"2024-03-22T12:15:55+00:00\" \/>\n<meta name=\"twitter:card\" content=\"summary_large_image\" \/>\n<meta name=\"twitter:label1\" content=\"Estimated reading time\" \/>\n\t<meta name=\"twitter:data1\" content=\"2 minutes\" \/>\n<script type=\"application\/ld+json\" class=\"yoast-schema-graph\">{\"@context\":\"https:\/\/schema.org\",\"@graph\":[{\"@type\":\"WebPage\",\"@id\":\"https:\/\/transmediacatalonia.uab.cat\/easit\/unit-3b\/element-1\/e2u-art-ad-a-sample\/\",\"url\":\"https:\/\/transmediacatalonia.uab.cat\/easit\/unit-3b\/element-1\/e2u-art-ad-a-sample\/\",\"name\":\"3B.1.6. E2U art AD - A sample - EASIT\",\"isPartOf\":{\"@id\":\"https:\/\/transmediacatalonia.uab.cat\/easit\/#website\"},\"datePublished\":\"2021-07-28T05:30:16+00:00\",\"dateModified\":\"2024-03-22T12:15:55+00:00\",\"breadcrumb\":{\"@id\":\"https:\/\/transmediacatalonia.uab.cat\/easit\/unit-3b\/element-1\/e2u-art-ad-a-sample\/#breadcrumb\"},\"inLanguage\":\"en-GB\",\"potentialAction\":[{\"@type\":\"ReadAction\",\"target\":[\"https:\/\/transmediacatalonia.uab.cat\/easit\/unit-3b\/element-1\/e2u-art-ad-a-sample\/\"]}]},{\"@type\":\"BreadcrumbList\",\"@id\":\"https:\/\/transmediacatalonia.uab.cat\/easit\/unit-3b\/element-1\/e2u-art-ad-a-sample\/#breadcrumb\",\"itemListElement\":[{\"@type\":\"ListItem\",\"position\":1,\"name\":\"Home\",\"item\":\"https:\/\/transmediacatalonia.uab.cat\/easit\/\"},{\"@type\":\"ListItem\",\"position\":2,\"name\":\"UNIT 3B. E2U and audio description\",\"item\":\"https:\/\/transmediacatalonia.uab.cat\/easit\/unit-3b\/\"},{\"@type\":\"ListItem\",\"position\":3,\"name\":\"ELEMENT 1. Processes\",\"item\":\"https:\/\/transmediacatalonia.uab.cat\/easit\/unit-3b\/element-1\/\"},{\"@type\":\"ListItem\",\"position\":4,\"name\":\"3B.1.6. E2U art AD - A sample\"}]},{\"@type\":\"WebSite\",\"@id\":\"https:\/\/transmediacatalonia.uab.cat\/easit\/#website\",\"url\":\"https:\/\/transmediacatalonia.uab.cat\/easit\/\",\"name\":\"EASIT\",\"description\":\"Easy Access for Social Inclusion Trainig\",\"potentialAction\":[{\"@type\":\"SearchAction\",\"target\":{\"@type\":\"EntryPoint\",\"urlTemplate\":\"https:\/\/transmediacatalonia.uab.cat\/easit\/?s={search_term_string}\"},\"query-input\":\"required name=search_term_string\"}],\"inLanguage\":\"en-GB\"}]}<\/script>\n<!-- \/ Yoast SEO plugin. -->","yoast_head_json":{"title":"3B.1.6. E2U art AD - A sample - EASIT","robots":{"index":"index","follow":"follow","max-snippet":"max-snippet:-1","max-image-preview":"max-image-preview:large","max-video-preview":"max-video-preview:-1"},"canonical":"https:\/\/transmediacatalonia.uab.cat\/easit\/unit-3b\/element-1\/e2u-art-ad-a-sample\/","og_locale":"en_GB","og_type":"article","og_title":"3B.1.6. E2U art AD - A sample - EASIT","og_description":"Additional materials [website] Descrivedendo. [in Italian] [webpage] Museo di storia naturale, Museo accessibile. [in Italian] [blog] Neum\u00fcller, M. (202, August 26). ARCHES results in easy read. Museum for All. [in English] [research article] Span, S., Clementi, P., &amp; Arbulla, D. (2019). Museo accessibile: il Linguaggio facile da leggere e la Comunicazione Aumentativa Alternativa per la [&hellip;]","og_url":"https:\/\/transmediacatalonia.uab.cat\/easit\/unit-3b\/element-1\/e2u-art-ad-a-sample\/","og_site_name":"EASIT","article_modified_time":"2024-03-22T12:15:55+00:00","twitter_card":"summary_large_image","twitter_misc":{"Estimated reading time":"2 minutes"},"schema":{"@context":"https:\/\/schema.org","@graph":[{"@type":"WebPage","@id":"https:\/\/transmediacatalonia.uab.cat\/easit\/unit-3b\/element-1\/e2u-art-ad-a-sample\/","url":"https:\/\/transmediacatalonia.uab.cat\/easit\/unit-3b\/element-1\/e2u-art-ad-a-sample\/","name":"3B.1.6. E2U art AD - A sample - EASIT","isPartOf":{"@id":"https:\/\/transmediacatalonia.uab.cat\/easit\/#website"},"datePublished":"2021-07-28T05:30:16+00:00","dateModified":"2024-03-22T12:15:55+00:00","breadcrumb":{"@id":"https:\/\/transmediacatalonia.uab.cat\/easit\/unit-3b\/element-1\/e2u-art-ad-a-sample\/#breadcrumb"},"inLanguage":"en-GB","potentialAction":[{"@type":"ReadAction","target":["https:\/\/transmediacatalonia.uab.cat\/easit\/unit-3b\/element-1\/e2u-art-ad-a-sample\/"]}]},{"@type":"BreadcrumbList","@id":"https:\/\/transmediacatalonia.uab.cat\/easit\/unit-3b\/element-1\/e2u-art-ad-a-sample\/#breadcrumb","itemListElement":[{"@type":"ListItem","position":1,"name":"Home","item":"https:\/\/transmediacatalonia.uab.cat\/easit\/"},{"@type":"ListItem","position":2,"name":"UNIT 3B. E2U and audio description","item":"https:\/\/transmediacatalonia.uab.cat\/easit\/unit-3b\/"},{"@type":"ListItem","position":3,"name":"ELEMENT 1. Processes","item":"https:\/\/transmediacatalonia.uab.cat\/easit\/unit-3b\/element-1\/"},{"@type":"ListItem","position":4,"name":"3B.1.6. E2U art AD - A sample"}]},{"@type":"WebSite","@id":"https:\/\/transmediacatalonia.uab.cat\/easit\/#website","url":"https:\/\/transmediacatalonia.uab.cat\/easit\/","name":"EASIT","description":"Easy Access for Social Inclusion Trainig","potentialAction":[{"@type":"SearchAction","target":{"@type":"EntryPoint","urlTemplate":"https:\/\/transmediacatalonia.uab.cat\/easit\/?s={search_term_string}"},"query-input":"required name=search_term_string"}],"inLanguage":"en-GB"}]}},"_links":{"self":[{"href":"https:\/\/transmediacatalonia.uab.cat\/easit\/wp-json\/wp\/v2\/pages\/955","targetHints":{"allow":["GET"]}}],"collection":[{"href":"https:\/\/transmediacatalonia.uab.cat\/easit\/wp-json\/wp\/v2\/pages"}],"about":[{"href":"https:\/\/transmediacatalonia.uab.cat\/easit\/wp-json\/wp\/v2\/types\/page"}],"author":[{"embeddable":true,"href":"https:\/\/transmediacatalonia.uab.cat\/easit\/wp-json\/wp\/v2\/users\/1"}],"replies":[{"embeddable":true,"href":"https:\/\/transmediacatalonia.uab.cat\/easit\/wp-json\/wp\/v2\/comments?post=955"}],"version-history":[{"count":7,"href":"https:\/\/transmediacatalonia.uab.cat\/easit\/wp-json\/wp\/v2\/pages\/955\/revisions"}],"predecessor-version":[{"id":2340,"href":"https:\/\/transmediacatalonia.uab.cat\/easit\/wp-json\/wp\/v2\/pages\/955\/revisions\/2340"}],"up":[{"embeddable":true,"href":"https:\/\/transmediacatalonia.uab.cat\/easit\/wp-json\/wp\/v2\/pages\/936"}],"wp:attachment":[{"href":"https:\/\/transmediacatalonia.uab.cat\/easit\/wp-json\/wp\/v2\/media?parent=955"}],"curies":[{"name":"wp","href":"https:\/\/api.w.org\/{rel}","templated":true}]}}